{"id":9,"date":"2023-08-07T19:31:05","date_gmt":"2023-08-07T19:31:05","guid":{"rendered":"http:\/\/wiesnerministries.org\/?page_id=9"},"modified":"2023-11-08T16:34:11","modified_gmt":"2023-11-08T16:34:11","slug":"home","status":"publish","type":"page","link":"https:\/\/wiesnerministries.org\/de\/","title":{"rendered":"Home"},"content":{"rendered":"<p>[et_pb_section fb_built=&#8221;1&#8243; _builder_version=&#8221;4.22.1&#8243; _module_preset=&#8221;default&#8221; background_color=&#8221;rgba(255,255,255,0.43)&#8221; background_image=&#8221;http:\/\/wiesnerministries.org\/wp-content\/uploads\/2023\/09\/wm-header-home.webp&#8221; background_position=&#8221;bottom_center&#8221; background_blend=&#8221;overlay&#8221; height=&#8221;100vh&#8221; custom_css_main_element=&#8221;display: flex;&#8221; global_colors_info=&#8221;{}&#8221; da_is_popup=&#8221;off&#8221; da_exit_intent=&#8221;off&#8221; da_has_close=&#8221;on&#8221; da_alt_close=&#8221;off&#8221; da_dark_close=&#8221;off&#8221; da_not_modal=&#8221;on&#8221; da_is_singular=&#8221;off&#8221; da_with_loader=&#8221;off&#8221; da_has_shadow=&#8221;on&#8221; da_disable_devices=&#8221;off|off|off&#8221;][et_pb_row _builder_version=&#8221;4.21.2&#8243; _module_preset=&#8221;default&#8221; global_colors_info=&#8221;{}&#8221;][et_pb_column type=&#8221;4_4&#8243; _builder_version=&#8221;4.21.2&#8243; _module_preset=&#8221;default&#8221; global_colors_info=&#8221;{}&#8221;][dsm_typing_effect before_typing_effect=&#8221;as in heaven,&#8221; typing_effect=&#8221;so on earth.&#8221; before_new_line=&#8221;off&#8221; after_new_line=&#8221;off&#8221; typing_loop=&#8221;off&#8221; typing_remove_cursor=&#8221;on&#8221; typing_speed=&#8221;120ms&#8221; typing_backdelay=&#8221;2000ms&#8221; _builder_version=&#8221;4.22.1&#8243; _module_preset=&#8221;default&#8221; header_text_align=&#8221;center&#8221; typing_font=&#8221;||on||||||&#8221; global_colors_info=&#8221;{}&#8221;][\/dsm_typing_effect][\/et_pb_column][\/et_pb_row][\/et_pb_section][et_pb_section fb_built=&#8221;1&#8243; _builder_version=&#8221;4.21.2&#8243; _module_preset=&#8221;default&#8221; use_background_color_gradient=&#8221;on&#8221; background_color_gradient_stops=&#8221;#ffffff 14%|rgba(255,255,255,0) 99%|#ffffff 100%&#8221; custom_margin=&#8221;||||false|false&#8221; global_colors_info=&#8221;{}&#8221; da_is_popup=&#8221;off&#8221; da_exit_intent=&#8221;off&#8221; da_has_close=&#8221;on&#8221; da_alt_close=&#8221;off&#8221; da_dark_close=&#8221;off&#8221; da_not_modal=&#8221;on&#8221; da_is_singular=&#8221;off&#8221; da_with_loader=&#8221;off&#8221; da_has_shadow=&#8221;on&#8221; da_disable_devices=&#8221;off|off|off&#8221;][et_pb_row column_structure=&#8221;3_5,2_5&#8243; _builder_version=&#8221;4.22.1&#8243; _module_preset=&#8221;default&#8221; animation_style=&#8221;slide&#8221; animation_direction=&#8221;bottom&#8221; global_colors_info=&#8221;{}&#8221;][et_pb_column type=&#8221;3_5&#8243; _builder_version=&#8221;4.21.2&#8243; _module_preset=&#8221;default&#8221; global_colors_info=&#8221;{}&#8221;][et_pb_text _builder_version=&#8221;4.21.2&#8243; _module_preset=&#8221;default&#8221; global_colors_info=&#8221;{}&#8221;]<\/p>\n<p>Hallo Familie!<\/p>\n<p>Willkommen auf unserer Ministry Webseite. Wir sind David und Yana Wiesner. Wir sind beide Missionare und bald leitende Pastoren der Awakening Church in Mannheim. Wir sind begeistert vom Evangelium und der Kraft, die es hat, Leben, Nationen und die ganze Welt zu transformieren. Wir brennen daf\u00fcr, zu sehen wie Menschen dem einzig, wahren und lebendigen Gott in seiner F\u00fclle begegnen und in ihrer vollen Identit\u00e4t als S\u00f6hne und T\u00f6chter wandeln.<\/p>\n<p>Wir glauben, dass die Apostel unsere Vorl\u00e4ufer sind, in deren Fu\u00dfstapfen wir heute treten k\u00f6nnen, und dass die Apostelgeschichte nur der Anfang dessen war, wozu wir als Seine Kirche heute berufen sind. Wir glauben, dass es Zeit f\u00fcr eine neue Erweckung in Europa und der Welt ist und dass die Herrlichkeit Gottes und des Himmels auf der Erde offenbar wird.<\/p>\n<p>[\/et_pb_text][et_pb_text _builder_version=&#8221;4.21.2&#8243; _module_preset=&#8221;default&#8221; text_font=&#8221;Fasthand||||||||&#8221; text_font_size=&#8221;50px&#8221; custom_margin=&#8221;28px||||false|false&#8221; global_colors_info=&#8221;{}&#8221;]<\/p>\n<p>David &amp; Yana<\/p>\n<p>[\/et_pb_text][et_pb_button button_url=&#8221;\/about-us&#8221; button_text=&#8221;Get to know us more&#8221; _builder_version=&#8221;4.22.1&#8243; _module_preset=&#8221;default&#8221; global_colors_info=&#8221;{}&#8221;][\/et_pb_button][\/et_pb_column][et_pb_column type=&#8221;2_5&#8243; _builder_version=&#8221;4.21.2&#8243; _module_preset=&#8221;default&#8221; global_colors_info=&#8221;{}&#8221;][et_pb_image src=&#8221;http:\/\/wiesnerministries.org\/wp-content\/uploads\/2023\/09\/davidandyana.jpeg&#8221; title_text=&#8221;davidandyana&#8221; _builder_version=&#8221;4.21.2&#8243; _module_preset=&#8221;default&#8221; global_colors_info=&#8221;{}&#8221;][\/et_pb_image][\/et_pb_column][\/et_pb_row][et_pb_row _builder_version=&#8221;4.22.1&#8243; _module_preset=&#8221;default&#8221; global_colors_info=&#8221;{}&#8221;][et_pb_column type=&#8221;4_4&#8243; _builder_version=&#8221;4.22.1&#8243; _module_preset=&#8221;default&#8221; global_colors_info=&#8221;{}&#8221;][et_pb_blog fullwidth=&#8221;off&#8221; posts_number=&#8221;2&#8243; show_more=&#8221;on&#8221; show_author=&#8221;off&#8221; show_categories=&#8221;off&#8221; _builder_version=&#8221;4.22.1&#8243; _module_preset=&#8221;default&#8221; header_font=&#8221;|600|||||||&#8221; header_font_size=&#8221;24px&#8221; read_more_font=&#8221;|700||on|||||&#8221; read_more_text_color=&#8221;#000000&#8243; custom_margin=&#8221;27px|||||&#8221; border_width_all=&#8221;3px&#8221; border_color_all=&#8221;#000000&#8243; global_colors_info=&#8221;{}&#8221;][\/et_pb_blog][\/et_pb_column][\/et_pb_row][\/et_pb_section][et_pb_section fb_built=&#8221;1&#8243; _builder_version=&#8221;4.21.2&#8243; _module_preset=&#8221;default&#8221; background_color=&#8221;gcid-bbdc17ff-53f0-4033-80a6-78a449b2714d&#8221; global_colors_info=&#8221;{%22gcid-bbdc17ff-53f0-4033-80a6-78a449b2714d%22:%91%22background_color%22%93}&#8221; da_is_popup=&#8221;off&#8221; da_exit_intent=&#8221;off&#8221; da_has_close=&#8221;on&#8221; da_alt_close=&#8221;off&#8221; da_dark_close=&#8221;off&#8221; da_not_modal=&#8221;on&#8221; da_is_singular=&#8221;off&#8221; da_with_loader=&#8221;off&#8221; da_has_shadow=&#8221;on&#8221; da_disable_devices=&#8221;off|off|off&#8221;][et_pb_row column_structure=&#8221;2_5,3_5&#8243; make_equal=&#8221;on&#8221; _builder_version=&#8221;4.22.1&#8243; _module_preset=&#8221;default&#8221; animation_style=&#8221;fade&#8221; global_colors_info=&#8221;{}&#8221;][et_pb_column type=&#8221;2_5&#8243; _builder_version=&#8221;4.22.1&#8243; _module_preset=&#8221;default&#8221; background_image=&#8221;http:\/\/wiesnerministries.org\/wp-content\/uploads\/2023\/09\/david-yana-field.jpeg&#8221; custom_padding=&#8221;80px||80px||true|false&#8221; custom_css_main_element=&#8221;display: flex;||flex-direction: column;||align-content: space-between;&#8221; global_colors_info=&#8221;{}&#8221;][\/et_pb_column][et_pb_column type=&#8221;3_5&#8243; _builder_version=&#8221;4.21.2&#8243; _module_preset=&#8221;default&#8221; global_colors_info=&#8221;{}&#8221;][et_pb_text _builder_version=&#8221;4.22.1&#8243; _module_preset=&#8221;default&#8221; text_text_color=&#8221;gcid-d2dc8688-2043-4201-8ae6-9465f5fca564&#8243; header_2_text_color=&#8221;#333333&#8243; header_2_font_size=&#8221;70px&#8221; custom_margin=&#8221;||10px||false|false&#8221; header_2_letter_spacing_tablet=&#8221;&#8221; header_2_letter_spacing_phone=&#8221;&#8221; header_2_letter_spacing_last_edited=&#8221;on|desktop&#8221; global_colors_info=&#8221;{%22gcid-bbdc17ff-53f0-4033-80a6-78a449b2714d%22:%91%22text_text_color%22%93,%22gcid-d2dc8688-2043-4201-8ae6-9465f5fca564%22:%91%22text_text_color%22%93}&#8221;]<\/p>\n<h2>Lade uns ein<\/h2>\n<p>[\/et_pb_text][et_pb_text _builder_version=&#8221;4.22.1&#8243; _module_preset=&#8221;default&#8221; text_text_color=&#8221;gcid-d2dc8688-2043-4201-8ae6-9465f5fca564&#8243; global_colors_info=&#8221;{%22gcid-d2dc8688-2043-4201-8ae6-9465f5fca564%22:%91%22text_text_color%22%93}&#8221;]If you would like to invite us to come to you for one of your meetings or you would love to just connect with us, we would love to hear from you. We love serving people and communities all around.[\/et_pb_text][et_pb_button button_url=&#8221;\/invite-us&#8221; button_text=&#8221;Invite us now &#8221; _builder_version=&#8221;4.22.1&#8243; _module_preset=&#8221;default&#8221; global_colors_info=&#8221;{}&#8221;][\/et_pb_button][\/et_pb_column][\/et_pb_row][\/et_pb_section][et_pb_section fb_built=&#8221;1&#8243; _builder_version=&#8221;4.21.2&#8243; _module_preset=&#8221;default&#8221; global_colors_info=&#8221;{}&#8221; da_is_popup=&#8221;off&#8221; da_exit_intent=&#8221;off&#8221; da_has_close=&#8221;on&#8221; da_alt_close=&#8221;off&#8221; da_dark_close=&#8221;off&#8221; da_not_modal=&#8221;on&#8221; da_is_singular=&#8221;off&#8221; da_with_loader=&#8221;off&#8221; da_has_shadow=&#8221;on&#8221; da_disable_devices=&#8221;off|off|off&#8221;][et_pb_row column_structure=&#8221;1_2,1_2&#8243; make_equal=&#8221;on&#8221; _builder_version=&#8221;4.22.1&#8243; _module_preset=&#8221;default&#8221; custom_padding=&#8221;||||false|false&#8221; animation_style=&#8221;fade&#8221; global_colors_info=&#8221;{}&#8221;][et_pb_column type=&#8221;1_2&#8243; _builder_version=&#8221;4.22.1&#8243; _module_preset=&#8221;default&#8221; background_image=&#8221;http:\/\/wiesnerministries.org\/wp-content\/uploads\/2023\/09\/taufen.jpg&#8221; custom_padding=&#8221;||||false|false&#8221; global_colors_info=&#8221;{}&#8221;][et_pb_divider color=&#8221;RGBA(255,255,255,0)&#8221; _builder_version=&#8221;4.22.1&#8243; _module_preset=&#8221;default&#8221; background_color=&#8221;RGBA(255,255,255,0)&#8221; height=&#8221;400px&#8221; global_colors_info=&#8221;{}&#8221;][\/et_pb_divider][\/et_pb_column][et_pb_column type=&#8221;1_2&#8243; _builder_version=&#8221;4.21.2&#8243; _module_preset=&#8221;default&#8221; global_colors_info=&#8221;{}&#8221;][et_pb_text _builder_version=&#8221;4.22.1&#8243; _module_preset=&#8221;default&#8221; header_2_text_color=&#8221;#333333&#8243; global_colors_info=&#8221;{}&#8221;]<\/p>\n<h2>Help us fuel revival<\/h2>\n<p>[\/et_pb_text][et_pb_text _builder_version=&#8221;4.22.1&#8243; _module_preset=&#8221;default&#8221; global_colors_info=&#8221;{}&#8221;]<\/p>\n<p>Damit das alles m\u00f6glich ist, sind wir auf Gottes Versorgung angewiesen. Wir m\u00f6chten Dich einladen Teil zu sein von dem was Gott durch uns tun m\u00f6chte, um das Himmelreich voranzutreiben und eine Kirche zu leiten. Es gibt und wird viele Lebenshaltungskosten geben, die wir selbst tragen m\u00fcssen. Im Moment arbeitet David noch nebenbei in Teilzeit, aber wir hoffen und beten daf\u00fcr, dass er wieder vollst\u00e4ndig in den Vollzeitdienst entlassen wird. Wenn es Dir auf dem Herzen liegt, finanziell mit uns zusammenzuarbeiten, w\u00e4ren wir \u00fcber alle Ma\u00dfen dankbar. Weitere Informationen zu unserem Kingdom-Investor-Programm haben wir hier:<\/p>\n<p>[\/et_pb_text][et_pb_button button_url=&#8221;\/support&#8221; button_text=&#8221;About Kingdom Investor&#8221; button_alignment=&#8221;right&#8221; button_alignment_tablet=&#8221;right&#8221; button_alignment_phone=&#8221;left&#8221; button_alignment_last_edited=&#8221;on|phone&#8221; _builder_version=&#8221;4.22.1&#8243; _module_preset=&#8221;default&#8221; custom_margin=&#8221;||17px|||&#8221; custom_css_main_element=&#8221;||&#8221; global_colors_info=&#8221;{}&#8221;][\/et_pb_button][et_pb_text _builder_version=&#8221;4.22.1&#8243; _module_preset=&#8221;default&#8221; text_orientation=&#8221;right&#8221; text_orientation_tablet=&#8221;right&#8221; text_orientation_phone=&#8221;left&#8221; text_orientation_last_edited=&#8221;on|phone&#8221; global_colors_info=&#8221;{}&#8221;]<script type=\"text\/javascript\" defer src=\"https:\/\/donorbox.org\/install-popup-button.js\"><\/script><a class=\"dbox-donation-button\" style=\"background: #333333 url(https:\/\/donorbox.org\/images\/white_logo.svg) no-repeat 45px;color: #fff;text-decoration: none;;display: inline-block;font-size: 16px;padding: 15px 45px;padding-left: 70px;\" href=\"https:\/\/donorbox.org\/wiesner-ministries\">Jetzt geben <\/a>[\/et_pb_text][\/et_pb_column][\/et_pb_row][\/et_pb_section][et_pb_section fb_built=&#8221;1&#8243; module_id=&#8221;photos&#8221; _builder_version=&#8221;4.22.1&#8243; _module_preset=&#8221;default&#8221; background_color=&#8221;gcid-bbdc17ff-53f0-4033-80a6-78a449b2714d&#8221; global_module=&#8221;301&#8243; saved_tabs=&#8221;all&#8221; global_colors_info=&#8221;{%22gcid-bbdc17ff-53f0-4033-80a6-78a449b2714d%22:%91%22background_color%22%93}&#8221; da_is_popup=&#8221;off&#8221; da_exit_intent=&#8221;off&#8221; da_has_close=&#8221;on&#8221; da_alt_close=&#8221;off&#8221; da_dark_close=&#8221;off&#8221; da_not_modal=&#8221;on&#8221; da_is_singular=&#8221;off&#8221; da_with_loader=&#8221;off&#8221; da_has_shadow=&#8221;on&#8221; da_disable_devices=&#8221;off|off|off&#8221;][et_pb_row _builder_version=&#8221;4.22.1&#8243; _module_preset=&#8221;default&#8221; custom_margin=&#8221;0px|auto||auto|false|false&#8221; animation_style=&#8221;fade&#8221; global_colors_info=&#8221;{}&#8221;][et_pb_column type=&#8221;4_4&#8243; _builder_version=&#8221;4.21.2&#8243; _module_preset=&#8221;default&#8221; global_colors_info=&#8221;{}&#8221;][et_pb_text _builder_version=&#8221;4.22.1&#8243; _module_preset=&#8221;default&#8221; header_2_font_size=&#8221;40px&#8221; custom_margin=&#8221;||0px||false|false&#8221; text_font_size_tablet=&#8221;&#8221; text_font_size_phone=&#8221;&#8221; text_font_size_last_edited=&#8221;on|desktop&#8221; header_2_font_size_tablet=&#8221;&#8221; header_2_font_size_phone=&#8221;&#8221; header_2_font_size_last_edited=&#8221;on|desktop&#8221; global_colors_info=&#8221;{}&#8221;]<\/p>\n<h2>Werf einen Blick in unser Leben<\/h2>\n<p>[\/et_pb_text][ba_image_carousel slide_count=&#8221;4&#8243; nav_color=&#8221;#FFFFFF&#8221; nav_bg=&#8221;#333333&#8243; slide_count_tablet=&#8221;&#8221; slide_count_phone=&#8221;2&#8243; slide_count_last_edited=&#8221;on|phone&#8221; _builder_version=&#8221;4.22.1&#8243; _module_preset=&#8221;default&#8221; custom_margin=&#8221;0px||||false|false&#8221; global_colors_info=&#8221;{}&#8221;][ba_image_carousel_child photo=&#8221;http:\/\/wiesnerministries.org\/wp-content\/uploads\/2023\/09\/missions-27.jpeg&#8221; _builder_version=&#8221;4.21.2&#8243; _module_preset=&#8221;default&#8221; global_colors_info=&#8221;{}&#8221;][\/ba_image_carousel_child][ba_image_carousel_child photo=&#8221;http:\/\/wiesnerministries.org\/wp-content\/uploads\/2023\/09\/missions-25.jpeg&#8221; _builder_version=&#8221;4.22.1&#8243; _module_preset=&#8221;default&#8221; global_colors_info=&#8221;{}&#8221;][\/ba_image_carousel_child][ba_image_carousel_child photo=&#8221;http:\/\/wiesnerministries.org\/wp-content\/uploads\/2023\/09\/yana-africa-prison.jpg&#8221; _builder_version=&#8221;4.22.1&#8243; _module_preset=&#8221;default&#8221; global_colors_info=&#8221;{}&#8221;][\/ba_image_carousel_child][ba_image_carousel_child photo=&#8221;http:\/\/wiesnerministries.org\/wp-content\/uploads\/2023\/09\/missions-24.jpeg&#8221; _builder_version=&#8221;4.21.2&#8243; _module_preset=&#8221;default&#8221; global_colors_info=&#8221;{}&#8221;][\/ba_image_carousel_child][ba_image_carousel_child photo=&#8221;http:\/\/wiesnerministries.org\/wp-content\/uploads\/2023\/09\/missions-23.jpeg&#8221; _builder_version=&#8221;4.21.2&#8243; _module_preset=&#8221;default&#8221; global_colors_info=&#8221;{}&#8221;][\/ba_image_carousel_child][ba_image_carousel_child photo=&#8221;http:\/\/wiesnerministries.org\/wp-content\/uploads\/2023\/09\/missions-22.jpeg&#8221; _builder_version=&#8221;4.22.1&#8243; _module_preset=&#8221;default&#8221; global_colors_info=&#8221;{}&#8221;][\/ba_image_carousel_child][ba_image_carousel_child photo=&#8221;http:\/\/wiesnerministries.org\/wp-content\/uploads\/2023\/09\/yana-kenya-5.jpg&#8221; _builder_version=&#8221;4.22.1&#8243; _module_preset=&#8221;default&#8221; global_colors_info=&#8221;{}&#8221;][\/ba_image_carousel_child][ba_image_carousel_child photo=&#8221;http:\/\/wiesnerministries.org\/wp-content\/uploads\/2023\/09\/missions-21.jpeg&#8221; _builder_version=&#8221;4.21.2&#8243; _module_preset=&#8221;default&#8221; global_colors_info=&#8221;{}&#8221;][\/ba_image_carousel_child][ba_image_carousel_child photo=&#8221;http:\/\/wiesnerministries.org\/wp-content\/uploads\/2023\/09\/missions-18.jpg&#8221; _builder_version=&#8221;4.22.1&#8243; _module_preset=&#8221;default&#8221; global_colors_info=&#8221;{}&#8221;][\/ba_image_carousel_child][ba_image_carousel_child photo=&#8221;http:\/\/wiesnerministries.org\/wp-content\/uploads\/2023\/09\/missions-16.jpeg&#8221; _builder_version=&#8221;4.21.2&#8243; _module_preset=&#8221;default&#8221; global_colors_info=&#8221;{}&#8221;][\/ba_image_carousel_child][ba_image_carousel_child photo=&#8221;http:\/\/wiesnerministries.org\/wp-content\/uploads\/2023\/09\/yana-kenya-3.jpg&#8221; _builder_version=&#8221;4.22.1&#8243; _module_preset=&#8221;default&#8221; global_colors_info=&#8221;{}&#8221;][\/ba_image_carousel_child][ba_image_carousel_child photo=&#8221;http:\/\/wiesnerministries.org\/wp-content\/uploads\/2023\/09\/missions-15.jpeg&#8221; _builder_version=&#8221;4.21.2&#8243; _module_preset=&#8221;default&#8221; global_colors_info=&#8221;{}&#8221;][\/ba_image_carousel_child][ba_image_carousel_child photo=&#8221;http:\/\/wiesnerministries.org\/wp-content\/uploads\/2023\/09\/missions-20.jpg&#8221; _builder_version=&#8221;4.22.1&#8243; _module_preset=&#8221;default&#8221; global_colors_info=&#8221;{}&#8221;][\/ba_image_carousel_child][ba_image_carousel_child photo=&#8221;http:\/\/wiesnerministries.org\/wp-content\/uploads\/2023\/09\/david-yana-crusade.jpg&#8221; _builder_version=&#8221;4.22.1&#8243; _module_preset=&#8221;default&#8221; global_colors_info=&#8221;{}&#8221;][\/ba_image_carousel_child][ba_image_carousel_child photo=&#8221;http:\/\/wiesnerministries.org\/wp-content\/uploads\/2023\/09\/missions-13.jpg&#8221; _builder_version=&#8221;4.21.2&#8243; _module_preset=&#8221;default&#8221; global_colors_info=&#8221;{}&#8221;][\/ba_image_carousel_child][ba_image_carousel_child photo=&#8221;http:\/\/wiesnerministries.org\/wp-content\/uploads\/2023\/09\/missions-11.jpeg&#8221; _builder_version=&#8221;4.22.1&#8243; _module_preset=&#8221;default&#8221; global_colors_info=&#8221;{}&#8221;][\/ba_image_carousel_child][ba_image_carousel_child photo=&#8221;http:\/\/wiesnerministries.org\/wp-content\/uploads\/2023\/09\/missions-9.jpeg&#8221; _builder_version=&#8221;4.21.2&#8243; _module_preset=&#8221;default&#8221; global_colors_info=&#8221;{}&#8221;][\/ba_image_carousel_child][ba_image_carousel_child photo=&#8221;http:\/\/wiesnerministries.org\/wp-content\/uploads\/2023\/09\/yana-africa.jpg&#8221; _builder_version=&#8221;4.22.1&#8243; _module_preset=&#8221;default&#8221; global_colors_info=&#8221;{}&#8221;][\/ba_image_carousel_child][ba_image_carousel_child photo=&#8221;http:\/\/wiesnerministries.org\/wp-content\/uploads\/2023\/09\/missions-10.jpeg&#8221; _builder_version=&#8221;4.21.2&#8243; _module_preset=&#8221;default&#8221; global_colors_info=&#8221;{}&#8221;][\/ba_image_carousel_child][ba_image_carousel_child photo=&#8221;http:\/\/wiesnerministries.org\/wp-content\/uploads\/2023\/09\/missions-7-1.jpeg&#8221; _builder_version=&#8221;4.21.2&#8243; _module_preset=&#8221;default&#8221; global_colors_info=&#8221;{}&#8221;][\/ba_image_carousel_child][ba_image_carousel_child photo=&#8221;http:\/\/wiesnerministries.org\/wp-content\/uploads\/2023\/09\/missions-5.jpg&#8221; _builder_version=&#8221;4.22.1&#8243; _module_preset=&#8221;default&#8221; global_colors_info=&#8221;{}&#8221;][\/ba_image_carousel_child][ba_image_carousel_child photo=&#8221;http:\/\/wiesnerministries.org\/wp-content\/uploads\/2023\/09\/missions-4-1.jpg&#8221; _builder_version=&#8221;4.21.2&#8243; _module_preset=&#8221;default&#8221; global_colors_info=&#8221;{}&#8221;][\/ba_image_carousel_child][ba_image_carousel_child photo=&#8221;http:\/\/wiesnerministries.org\/wp-content\/uploads\/2023\/09\/yana-kenya-10.jpg&#8221; _builder_version=&#8221;4.22.1&#8243; _module_preset=&#8221;default&#8221; global_colors_info=&#8221;{}&#8221;][\/ba_image_carousel_child][ba_image_carousel_child photo=&#8221;http:\/\/wiesnerministries.org\/wp-content\/uploads\/2023\/09\/missions-6-1.jpg&#8221; _builder_version=&#8221;4.21.2&#8243; _module_preset=&#8221;default&#8221; global_colors_info=&#8221;{}&#8221;][\/ba_image_carousel_child][ba_image_carousel_child photo=&#8221;http:\/\/wiesnerministries.org\/wp-content\/uploads\/2023\/09\/missions-2-1.jpg&#8221; _builder_version=&#8221;4.21.2&#8243; _module_preset=&#8221;default&#8221; global_colors_info=&#8221;{}&#8221;][\/ba_image_carousel_child][ba_image_carousel_child photo=&#8221;http:\/\/wiesnerministries.org\/wp-content\/uploads\/2023\/09\/missions-3-1.jpg&#8221; _builder_version=&#8221;4.21.2&#8243; _module_preset=&#8221;default&#8221; global_colors_info=&#8221;{}&#8221;][\/ba_image_carousel_child][ba_image_carousel_child photo=&#8221;http:\/\/wiesnerministries.org\/wp-content\/uploads\/2023\/09\/yana-kenya-2.jpg&#8221; _builder_version=&#8221;4.22.1&#8243; _module_preset=&#8221;default&#8221; global_colors_info=&#8221;{}&#8221;][\/ba_image_carousel_child][ba_image_carousel_child photo=&#8221;http:\/\/wiesnerministries.org\/wp-content\/uploads\/2023\/09\/missions-1.jpg&#8221; _builder_version=&#8221;4.21.2&#8243; _module_preset=&#8221;default&#8221; global_colors_info=&#8221;{}&#8221;][\/ba_image_carousel_child][ba_image_carousel_child photo=&#8221;http:\/\/wiesnerministries.org\/wp-content\/uploads\/2023\/09\/yana-kenya.jpg&#8221; _builder_version=&#8221;4.22.1&#8243; _module_preset=&#8221;default&#8221; global_colors_info=&#8221;{}&#8221;][\/ba_image_carousel_child][ba_image_carousel_child photo=&#8221;http:\/\/wiesnerministries.org\/wp-content\/uploads\/2023\/09\/missions-14.jpeg&#8221; _builder_version=&#8221;4.21.2&#8243; _module_preset=&#8221;default&#8221; global_colors_info=&#8221;{}&#8221;][\/ba_image_carousel_child][ba_image_carousel_child photo=&#8221;http:\/\/wiesnerministries.org\/wp-content\/uploads\/2023\/09\/missions-8-1.jpg&#8221; _builder_version=&#8221;4.21.2&#8243; _module_preset=&#8221;default&#8221; global_colors_info=&#8221;{}&#8221;][\/ba_image_carousel_child][ba_image_carousel_child photo=&#8221;http:\/\/wiesnerministries.org\/wp-content\/uploads\/2023\/09\/yana-selfie.jpg&#8221; _builder_version=&#8221;4.22.1&#8243; _module_preset=&#8221;default&#8221; global_colors_info=&#8221;{}&#8221;][\/ba_image_carousel_child][\/ba_image_carousel][\/et_pb_column][\/et_pb_row][\/et_pb_section][et_pb_section fb_built=&#8221;1&#8243; theme_builder_area=&#8221;post_content&#8221; _builder_version=&#8221;4.22.1&#8243; _module_preset=&#8221;default&#8221; da_is_popup=&#8221;on&#8221; da_popup_slug=&#8221;kingdomInvestor&#8221; admin_label=&#8221;Popup &#8211; #kingdomInvestor&#8221; module_id=&#8221;kingdomInvestor&#8221; module_class=&#8221;popup&#8221; hover_enabled=&#8221;0&#8243; sticky_enabled=&#8221;0&#8243; width=&#8221;80%&#8221; max_width=&#8221;700px&#8221; da_exit_intent=&#8221;off&#8221; da_has_close=&#8221;on&#8221; da_alt_close=&#8221;off&#8221; da_dark_close=&#8221;off&#8221; da_not_modal=&#8221;on&#8221; da_is_singular=&#8221;off&#8221; da_with_loader=&#8221;off&#8221; da_has_shadow=&#8221;on&#8221; da_disable_devices=&#8221;off|off|off&#8221;][et_pb_row _builder_version=&#8221;4.22.1&#8243; _module_preset=&#8221;default&#8221; theme_builder_area=&#8221;post_content&#8221; hover_enabled=&#8221;0&#8243; sticky_enabled=&#8221;0&#8243;][et_pb_column _builder_version=&#8221;4.22.1&#8243; _module_preset=&#8221;default&#8221; type=&#8221;4_4&#8243; theme_builder_area=&#8221;post_content&#8221;][et_pb_text _builder_version=&#8221;4.22.1&#8243; _module_preset=&#8221;default&#8221; theme_builder_area=&#8221;post_content&#8221; header_2_font_size=&#8221;36px&#8221; hover_enabled=&#8221;0&#8243; sticky_enabled=&#8221;0&#8243; header_font_size=&#8221;58px&#8221;]<\/p>\n<h2><strong>Help us fuel revival! \u2764\ufe0f<\/strong><\/h2>\n<p>If you have it on our heart to help make all our work possible and sow and invest into what God is calling us to do, then this is a great opportinty for you! If you want to know more about your partner program, you can simply click here:\u00a0<\/p>\n<p>[\/et_pb_text][et_pb_button button_text=&#8221;Kingdom Investor &#8221; _builder_version=&#8221;4.22.1&#8243; _module_preset=&#8221;default&#8221; theme_builder_area=&#8221;post_content&#8221; hover_enabled=&#8221;0&#8243; sticky_enabled=&#8221;0&#8243;][\/et_pb_button][\/et_pb_column][\/et_pb_row][\/et_pb_section]<\/p>","protected":false},"excerpt":{"rendered":"<p><div class=\"et_pb_module dsm_typing_effect dsm_typing_effect_0 et_pb_bg_layout_light\">\n\t\t\t\t\n\t\t\t\t\n\t\t\t\t\n\t\t\t\t\n\t\t\t\t\n\t\t\t\t\n\t\t\t\t<div class=\"et_pb_module_inner\">\n\t\t\t\t\t<h2 class=\"dsm-typing-effect et_pb_module_header\"><span class=\"dsm-before-typing-effect\">Wie im Himmel,&nbsp;<\/span><span class=\"dsm-typing-wrapper\"><span class=\"dsm-typing-strings\">so auf Erden.<\/span><span class=\"dsm-typing\" data-dsm-typing-cursor=\"|\" data-dsm-typing-strings=\"so on earth.\" data-dsm-typing-speed=\"120ms\" data-dsm-typing-backspeed=\"50ms\" data-dsm-typing-backdelay=\"2000ms\" data-dsm-typing-loop=\"false\" data-dsm-typing-remove-cursor=\"on\" data-dsm-typing-fadeout=\"false\" data-dsm-typing-shuffle=\"false\" data-dsm-typing-delay=\"0ms\" data-dsm-typing-viewport=\"80%\" data-dsm-typing-repeat=\"on\"><\/span><\/span><\/h2>\n\t\t\t\t<\/div>\n\t\t\t<\/div>Hello family! Welcome to our ministry website. Our names are David and Yana Wiesner. We are both missionaries and very soon the Lead Pastors of Awakening Church in Mannheim. We\u2019re passionate about the Gospel and the power that [&hellip;]<\/p>","protected":false},"author":1,"featured_media":0,"parent":0,"menu_order":0,"comment_status":"closed","ping_status":"closed","template":"","meta":{"_et_pb_use_builder":"on","_et_pb_old_content":"","_et_gb_content_width":"","footnotes":""},"_links":{"self":[{"href":"https:\/\/wiesnerministries.org\/de\/wp-json\/wp\/v2\/pages\/9"}],"collection":[{"href":"https:\/\/wiesnerministries.org\/de\/wp-json\/wp\/v2\/pages"}],"about":[{"href":"https:\/\/wiesnerministries.org\/de\/wp-json\/wp\/v2\/types\/page"}],"author":[{"embeddable":true,"href":"https:\/\/wiesnerministries.org\/de\/wp-json\/wp\/v2\/users\/1"}],"replies":[{"embeddable":true,"href":"https:\/\/wiesnerministries.org\/de\/wp-json\/wp\/v2\/comments?post=9"}],"version-history":[{"count":0,"href":"https:\/\/wiesnerministries.org\/de\/wp-json\/wp\/v2\/pages\/9\/revisions"}],"wp:attachment":[{"href":"https:\/\/wiesnerministries.org\/de\/wp-json\/wp\/v2\/media?parent=9"}],"curies":[{"name":"wp","href":"https:\/\/api.w.org\/{rel}","templated":true}]}}